{"id":104,"date":"2020-06-26T07:55:31","date_gmt":"2020-06-26T07:55:31","guid":{"rendered":"https:\/\/parisfin.com\/?page_id=104"},"modified":"2021-04-13T07:42:07","modified_gmt":"2021-04-13T07:42:07","slug":"contact","status":"publish","type":"page","link":"https:\/\/finascope.fr\/english\/contact\/","title":{"rendered":"Contact"},"content":{"rendered":"<div class=\"wpcf7 no-js\" id=\"wpcf7-f1576-o1\" lang=\"fr-FR\" dir=\"ltr\" data-wpcf7-id=\"1576\">\n<div class=\"screen-reader-response\"><p role=\"status\" aria-live=\"polite\" aria-atomic=\"true\"><\/p> <ul><\/ul><\/div>\n<form action=\"\/english\/wp-json\/wp\/v2\/pages\/104#wpcf7-f1576-o1\" method=\"post\" class=\"wpcf7-form init\" aria-label=\"Contact form\" novalidate=\"novalidate\" data-status=\"init\" data-trp-original-action=\"\/english\/wp-json\/wp\/v2\/pages\/104#wpcf7-f1576-o1\">\n<fieldset class=\"hidden-fields-container\"><input type=\"hidden\" name=\"_wpcf7\" value=\"1576\" \/><input type=\"hidden\" name=\"_wpcf7_version\" value=\"6.1.5\" \/><input type=\"hidden\" name=\"_wpcf7_locale\" value=\"fr_FR\" \/><input type=\"hidden\" name=\"_wpcf7_unit_tag\" value=\"wpcf7-f1576-o1\" \/><input type=\"hidden\" name=\"_wpcf7_container_post\" value=\"0\" \/><input type=\"hidden\" name=\"_wpcf7_posted_data_hash\" value=\"\" \/><input type=\"hidden\" name=\"_wpcf7_recaptcha_response\" value=\"\" \/>\n<\/fieldset>\n<p><label> Your name (required)<br \/>\n<span class=\"wpcf7-form-control-wrap\" data-name=\"your-name\"><input size=\"40\" maxlength=\"400\" class=\"wpcf7-form-control wpcf7-text wpcf7-validates-as-required\" aria-required=\"true\" aria-invalid=\"false\" value=\"\" type=\"text\" name=\"your-name\" \/><\/span> <\/label>\n<\/p>\n<p><label> Your e-mail (required)<br \/>\n<span class=\"wpcf7-form-control-wrap\" data-name=\"your-email\"><input size=\"40\" maxlength=\"400\" class=\"wpcf7-form-control wpcf7-email wpcf7-validates-as-required wpcf7-text wpcf7-validates-as-email\" aria-required=\"true\" aria-invalid=\"false\" value=\"\" type=\"email\" name=\"your-email\" \/><\/span> <\/label>\n<\/p>\n<p><label> Subject (required)<br \/>\n<span class=\"wpcf7-form-control-wrap\" data-name=\"your-subject\"><input size=\"40\" maxlength=\"400\" class=\"wpcf7-form-control wpcf7-text wpcf7-validates-as-required\" aria-required=\"true\" aria-invalid=\"false\" value=\"\" type=\"text\" name=\"your-subject\" \/><\/span> <\/label>\n<\/p>\n<p><label> Your message (optional)<br \/>\n<span class=\"wpcf7-form-control-wrap\" data-name=\"your-message\"><textarea cols=\"40\" rows=\"10\" maxlength=\"2000\" class=\"wpcf7-form-control wpcf7-textarea\" aria-invalid=\"false\" name=\"your-message\"><\/textarea><\/span> <\/label>\n<\/p>\n<p><span class=\"wpcf7-form-control-wrap\" data-name=\"checkbox-427\"><span class=\"wpcf7-form-control wpcf7-checkbox wpcf7-validates-as-required\"><span class=\"wpcf7-list-item first last\"><label><input type=\"checkbox\" name=\"checkbox-427[]\" value=\"Je  suis d&#039;accord avec la politique de confidentialit\u00e9 du site\" \/><span class=\"wpcf7-list-item-label\">I agree with the privacy policy of the site<\/span><\/label><\/span><\/span><\/span>\n<\/p>\n<p><input class=\"wpcf7-form-control wpcf7-submit has-spinner\" type=\"submit\" value=\"Send\" \/>\n<\/p><div class=\"wpcf7-response-output\" aria-hidden=\"true\"><\/div>\n<input type=\"hidden\" name=\"trp-form-language\" value=\"english\"\/><\/form>\n<\/div>","protected":false},"excerpt":{"rendered":"","protected":false},"author":1,"featured_media":0,"parent":0,"menu_order":0,"comment_status":"closed","ping_status":"closed","template":"","meta":{"pmpro_default_level":"","footnotes":""},"class_list":["post-104","page","type-page","status-publish","hentry","pmpro-has-access","entry"],"yoast_head":"<!-- This site is optimized with the Yoast SEO plugin v27.3 - https:\/\/yoast.com\/product\/yoast-seo-wordpress\/ -->\n<title>Contact - Finascope<\/title>\n<meta name=\"description\" content=\"Suivez nos infos exclusives, nos d\u00e9cryptages, nos analyses sur les march\u00e9s financiers et les investissements \u00e0 Paris et en France\" \/>\n<meta name=\"robots\" content=\"index, follow, max-snippet:-1, max-image-preview:large, max-video-preview:-1\" \/>\n<link rel=\"canonical\" href=\"https:\/\/finascope.fr\/english\/contact\/\" \/>\n<meta property=\"og:locale\" content=\"en_GB\" \/>\n<meta property=\"og:type\" content=\"article\" \/>\n<meta property=\"og:title\" content=\"Contact - Finascope\" \/>\n<meta property=\"og:description\" content=\"Suivez nos infos exclusives, nos d\u00e9cryptages, nos analyses sur les march\u00e9s financiers et les investissements \u00e0 Paris et en France\" \/>\n<meta property=\"og:url\" content=\"https:\/\/finascope.fr\/english\/contact\/\" \/>\n<meta property=\"og:site_name\" content=\"Finascope\" \/>\n<meta property=\"article:modified_time\" content=\"2021-04-13T07:42:07+00:00\" \/>\n<meta name=\"twitter:card\" content=\"summary_large_image\" \/>\n<script type=\"application\/ld+json\" class=\"yoast-schema-graph\">{\"@context\":\"https:\\\/\\\/schema.org\",\"@graph\":[{\"@type\":\"WebPage\",\"@id\":\"https:\\\/\\\/finascope.fr\\\/contact\\\/\",\"url\":\"https:\\\/\\\/finascope.fr\\\/contact\\\/\",\"name\":\"Contact - Finascope\",\"isPartOf\":{\"@id\":\"https:\\\/\\\/finascope.fr\\\/#website\"},\"datePublished\":\"2020-06-26T07:55:31+00:00\",\"dateModified\":\"2021-04-13T07:42:07+00:00\",\"description\":\"Suivez nos infos exclusives, nos d\u00e9cryptages, nos analyses sur les march\u00e9s financiers et les investissements \u00e0 Paris et en France\",\"breadcrumb\":{\"@id\":\"https:\\\/\\\/finascope.fr\\\/contact\\\/#breadcrumb\"},\"inLanguage\":\"en-GB\",\"potentialAction\":[{\"@type\":\"ReadAction\",\"target\":[\"https:\\\/\\\/finascope.fr\\\/contact\\\/\"]}]},{\"@type\":\"BreadcrumbList\",\"@id\":\"https:\\\/\\\/finascope.fr\\\/contact\\\/#breadcrumb\",\"itemListElement\":[{\"@type\":\"ListItem\",\"position\":1,\"name\":\"Accueil\",\"item\":\"https:\\\/\\\/finascope.fr\\\/\"},{\"@type\":\"ListItem\",\"position\":2,\"name\":\"Contact\"}]},{\"@type\":\"WebSite\",\"@id\":\"https:\\\/\\\/finascope.fr\\\/#website\",\"url\":\"https:\\\/\\\/finascope.fr\\\/\",\"name\":\"Finascope\",\"description\":\"L&#039;info des march\u00e9s et des investissements \u00e0 Paris\",\"publisher\":{\"@id\":\"https:\\\/\\\/finascope.fr\\\/#organization\"},\"potentialAction\":[{\"@type\":\"SearchAction\",\"target\":{\"@type\":\"EntryPoint\",\"urlTemplate\":\"https:\\\/\\\/finascope.fr\\\/?s={search_term_string}\"},\"query-input\":{\"@type\":\"PropertyValueSpecification\",\"valueRequired\":true,\"valueName\":\"search_term_string\"}}],\"inLanguage\":\"en-GB\"},{\"@type\":\"Organization\",\"@id\":\"https:\\\/\\\/finascope.fr\\\/#organization\",\"name\":\"Finascope\",\"url\":\"https:\\\/\\\/finascope.fr\\\/\",\"logo\":{\"@type\":\"ImageObject\",\"inLanguage\":\"en-GB\",\"@id\":\"https:\\\/\\\/finascope.fr\\\/#\\\/schema\\\/logo\\\/image\\\/\",\"url\":\"https:\\\/\\\/finascope.fr\\\/wp-content\\\/uploads\\\/2021\\\/05\\\/Logo-Finascope-500.jpeg\",\"contentUrl\":\"https:\\\/\\\/finascope.fr\\\/wp-content\\\/uploads\\\/2021\\\/05\\\/Logo-Finascope-500.jpeg\",\"width\":500,\"height\":128,\"caption\":\"Finascope\"},\"image\":{\"@id\":\"https:\\\/\\\/finascope.fr\\\/#\\\/schema\\\/logo\\\/image\\\/\"}}]}<\/script>\n<!-- \/ Yoast SEO plugin. -->","yoast_head_json":{"title":"Contact - Finascope","description":"Follow our exclusive news, our analysis on the financial markets and investments in Paris and in France","robots":{"index":"index","follow":"follow","max-snippet":"max-snippet:-1","max-image-preview":"max-image-preview:large","max-video-preview":"max-video-preview:-1"},"canonical":"https:\/\/finascope.fr\/english\/contact\/","og_locale":"en_GB","og_type":"article","og_title":"Contact - Finascope","og_description":"Suivez nos infos exclusives, nos d\u00e9cryptages, nos analyses sur les march\u00e9s financiers et les investissements \u00e0 Paris et en France","og_url":"https:\/\/finascope.fr\/english\/contact\/","og_site_name":"Finascope","article_modified_time":"2021-04-13T07:42:07+00:00","twitter_card":"summary_large_image","schema":{"@context":"https:\/\/schema.org","@graph":[{"@type":"WebPage","@id":"https:\/\/finascope.fr\/contact\/","url":"https:\/\/finascope.fr\/contact\/","name":"Contact - Finascope","isPartOf":{"@id":"https:\/\/finascope.fr\/#website"},"datePublished":"2020-06-26T07:55:31+00:00","dateModified":"2021-04-13T07:42:07+00:00","description":"Follow our exclusive news, our analysis on the financial markets and investments in Paris and in France","breadcrumb":{"@id":"https:\/\/finascope.fr\/contact\/#breadcrumb"},"inLanguage":"en-GB","potentialAction":[{"@type":"ReadAction","target":["https:\/\/finascope.fr\/contact\/"]}]},{"@type":"BreadcrumbList","@id":"https:\/\/finascope.fr\/contact\/#breadcrumb","itemListElement":[{"@type":"ListItem","position":1,"name":"Accueil","item":"https:\/\/finascope.fr\/"},{"@type":"ListItem","position":2,"name":"Contact"}]},{"@type":"WebSite","@id":"https:\/\/finascope.fr\/#website","url":"https:\/\/finascope.fr\/","name":"Finascope","description":"Market and investment news from Paris","publisher":{"@id":"https:\/\/finascope.fr\/#organization"},"potentialAction":[{"@type":"SearchAction","target":{"@type":"EntryPoint","urlTemplate":"https:\/\/finascope.fr\/?s={search_term_string}"},"query-input":{"@type":"PropertyValueSpecification","valueRequired":true,"valueName":"search_term_string"}}],"inLanguage":"en-GB"},{"@type":"Organization","@id":"https:\/\/finascope.fr\/#organization","name":"Finascope","url":"https:\/\/finascope.fr\/","logo":{"@type":"ImageObject","inLanguage":"en-GB","@id":"https:\/\/finascope.fr\/#\/schema\/logo\/image\/","url":"https:\/\/finascope.fr\/wp-content\/uploads\/2021\/05\/Logo-Finascope-500.jpeg","contentUrl":"https:\/\/finascope.fr\/wp-content\/uploads\/2021\/05\/Logo-Finascope-500.jpeg","width":500,"height":128,"caption":"Finascope"},"image":{"@id":"https:\/\/finascope.fr\/#\/schema\/logo\/image\/"}}]}},"_links":{"self":[{"href":"https:\/\/finascope.fr\/english\/wp-json\/wp\/v2\/pages\/104","targetHints":{"allow":["GET"]}}],"collection":[{"href":"https:\/\/finascope.fr\/english\/wp-json\/wp\/v2\/pages"}],"about":[{"href":"https:\/\/finascope.fr\/english\/wp-json\/wp\/v2\/types\/page"}],"author":[{"embeddable":true,"href":"https:\/\/finascope.fr\/english\/wp-json\/wp\/v2\/users\/1"}],"replies":[{"embeddable":true,"href":"https:\/\/finascope.fr\/english\/wp-json\/wp\/v2\/comments?post=104"}],"version-history":[{"count":2,"href":"https:\/\/finascope.fr\/english\/wp-json\/wp\/v2\/pages\/104\/revisions"}],"predecessor-version":[{"id":1578,"href":"https:\/\/finascope.fr\/english\/wp-json\/wp\/v2\/pages\/104\/revisions\/1578"}],"wp:attachment":[{"href":"https:\/\/finascope.fr\/english\/wp-json\/wp\/v2\/media?parent=104"}],"curies":[{"name":"wp","href":"https:\/\/api.w.org\/{rel}","templated":true}]}}