{"id":12928,"date":"2023-05-16T10:13:44","date_gmt":"2023-05-16T09:13:44","guid":{"rendered":"https:\/\/finascope.fr\/?page_id=12928"},"modified":"2023-05-16T10:16:14","modified_gmt":"2023-05-16T09:16:14","slug":"faire-un-don","status":"publish","type":"page","link":"https:\/\/finascope.fr\/english\/faire-un-don\/","title":{"rendered":"Make a donation"},"content":{"rendered":"<h2 class=\"wp-block-heading\">Make a donation<\/h2>\n\n\n<script src=\"https:\/\/donorbox.org\/widget.js\" type=\"text\/javascript\"><\/script><iframe src=\"https:\/\/donorbox.org\/embed\/finascope?show_content=true\" width=\"100%\" style=\"max-width:100%; min-width:100%;\" seamless=\"seamless\" id=\"dbox-form-embed\" name=\"donorbox\" frameborder=\"0\" scrolling=\"no\" allowpaymentrequest><\/iframe>","protected":false},"excerpt":{"rendered":"<p>Make a donation<\/p>","protected":false},"author":65,"featured_media":0,"parent":0,"menu_order":0,"comment_status":"closed","ping_status":"closed","template":"","meta":{"pmpro_default_level":"","footnotes":""},"class_list":["post-12928","page","type-page","status-publish","hentry","pmpro-has-access","entry"],"yoast_head":"<!-- This site is optimized with the Yoast SEO plugin v27.4 - https:\/\/yoast.com\/product\/yoast-seo-wordpress\/ -->\n<title>Faire un don - Finascope<\/title>\n<meta name=\"description\" content=\"Suivez nos infos exclusives, nos d\u00e9cryptages, nos analyses sur les march\u00e9s financiers et les investissements \u00e0 Paris et en France\" \/>\n<meta name=\"robots\" content=\"index, follow, max-snippet:-1, max-image-preview:large, max-video-preview:-1\" \/>\n<link rel=\"canonical\" href=\"https:\/\/finascope.fr\/english\/faire-un-don\/\" \/>\n<meta property=\"og:locale\" content=\"en_GB\" \/>\n<meta property=\"og:type\" content=\"article\" \/>\n<meta property=\"og:title\" content=\"Faire un don - Finascope\" \/>\n<meta property=\"og:description\" content=\"Suivez nos infos exclusives, nos d\u00e9cryptages, nos analyses sur les march\u00e9s financiers et les investissements \u00e0 Paris et en France\" \/>\n<meta property=\"og:url\" content=\"https:\/\/finascope.fr\/english\/faire-un-don\/\" \/>\n<meta property=\"og:site_name\" content=\"Finascope\" \/>\n<meta property=\"article:modified_time\" content=\"2023-05-16T09:16:14+00:00\" \/>\n<meta name=\"twitter:card\" content=\"summary_large_image\" \/>\n<meta name=\"twitter:label1\" content=\"Estimated reading time\" \/>\n\t<meta name=\"twitter:data1\" content=\"1 minute\" \/>\n<script type=\"application\/ld+json\" class=\"yoast-schema-graph\">{\"@context\":\"https:\\\/\\\/schema.org\",\"@graph\":[{\"@type\":\"WebPage\",\"@id\":\"https:\\\/\\\/finascope.fr\\\/faire-un-don\\\/\",\"url\":\"https:\\\/\\\/finascope.fr\\\/faire-un-don\\\/\",\"name\":\"Faire un don - Finascope\",\"isPartOf\":{\"@id\":\"https:\\\/\\\/finascope.fr\\\/#website\"},\"datePublished\":\"2023-05-16T09:13:44+00:00\",\"dateModified\":\"2023-05-16T09:16:14+00:00\",\"description\":\"Suivez nos infos exclusives, nos d\u00e9cryptages, nos analyses sur les march\u00e9s financiers et les investissements \u00e0 Paris et en France\",\"breadcrumb\":{\"@id\":\"https:\\\/\\\/finascope.fr\\\/faire-un-don\\\/#breadcrumb\"},\"inLanguage\":\"en-GB\",\"potentialAction\":[{\"@type\":\"ReadAction\",\"target\":[\"https:\\\/\\\/finascope.fr\\\/faire-un-don\\\/\"]}]},{\"@type\":\"BreadcrumbList\",\"@id\":\"https:\\\/\\\/finascope.fr\\\/faire-un-don\\\/#breadcrumb\",\"itemListElement\":[{\"@type\":\"ListItem\",\"position\":1,\"name\":\"Accueil\",\"item\":\"https:\\\/\\\/finascope.fr\\\/\"},{\"@type\":\"ListItem\",\"position\":2,\"name\":\"Faire un don\"}]},{\"@type\":\"WebSite\",\"@id\":\"https:\\\/\\\/finascope.fr\\\/#website\",\"url\":\"https:\\\/\\\/finascope.fr\\\/\",\"name\":\"Finascope\",\"description\":\"L&#039;info des march\u00e9s et des investissements \u00e0 Paris\",\"publisher\":{\"@id\":\"https:\\\/\\\/finascope.fr\\\/#organization\"},\"potentialAction\":[{\"@type\":\"SearchAction\",\"target\":{\"@type\":\"EntryPoint\",\"urlTemplate\":\"https:\\\/\\\/finascope.fr\\\/?s={search_term_string}\"},\"query-input\":{\"@type\":\"PropertyValueSpecification\",\"valueRequired\":true,\"valueName\":\"search_term_string\"}}],\"inLanguage\":\"en-GB\"},{\"@type\":\"Organization\",\"@id\":\"https:\\\/\\\/finascope.fr\\\/#organization\",\"name\":\"Finascope\",\"url\":\"https:\\\/\\\/finascope.fr\\\/\",\"logo\":{\"@type\":\"ImageObject\",\"inLanguage\":\"en-GB\",\"@id\":\"https:\\\/\\\/finascope.fr\\\/#\\\/schema\\\/logo\\\/image\\\/\",\"url\":\"https:\\\/\\\/finascope.fr\\\/wp-content\\\/uploads\\\/2021\\\/05\\\/Logo-Finascope-500.jpeg\",\"contentUrl\":\"https:\\\/\\\/finascope.fr\\\/wp-content\\\/uploads\\\/2021\\\/05\\\/Logo-Finascope-500.jpeg\",\"width\":500,\"height\":128,\"caption\":\"Finascope\"},\"image\":{\"@id\":\"https:\\\/\\\/finascope.fr\\\/#\\\/schema\\\/logo\\\/image\\\/\"}}]}<\/script>\n<!-- \/ Yoast SEO plugin. -->","yoast_head_json":{"title":"Make a donation - Finascope","description":"Follow our exclusive news, our analysis on the financial markets and investments in Paris and in France","robots":{"index":"index","follow":"follow","max-snippet":"max-snippet:-1","max-image-preview":"max-image-preview:large","max-video-preview":"max-video-preview:-1"},"canonical":"https:\/\/finascope.fr\/english\/faire-un-don\/","og_locale":"en_GB","og_type":"article","og_title":"Faire un don - Finascope","og_description":"Suivez nos infos exclusives, nos d\u00e9cryptages, nos analyses sur les march\u00e9s financiers et les investissements \u00e0 Paris et en France","og_url":"https:\/\/finascope.fr\/english\/faire-un-don\/","og_site_name":"Finascope","article_modified_time":"2023-05-16T09:16:14+00:00","twitter_card":"summary_large_image","twitter_misc":{"Estimated reading time":"1 minute"},"schema":{"@context":"https:\/\/schema.org","@graph":[{"@type":"WebPage","@id":"https:\/\/finascope.fr\/faire-un-don\/","url":"https:\/\/finascope.fr\/faire-un-don\/","name":"Make a donation - Finascope","isPartOf":{"@id":"https:\/\/finascope.fr\/#website"},"datePublished":"2023-05-16T09:13:44+00:00","dateModified":"2023-05-16T09:16:14+00:00","description":"Follow our exclusive news, our analysis on the financial markets and investments in Paris and in France","breadcrumb":{"@id":"https:\/\/finascope.fr\/faire-un-don\/#breadcrumb"},"inLanguage":"en-GB","potentialAction":[{"@type":"ReadAction","target":["https:\/\/finascope.fr\/faire-un-don\/"]}]},{"@type":"BreadcrumbList","@id":"https:\/\/finascope.fr\/faire-un-don\/#breadcrumb","itemListElement":[{"@type":"ListItem","position":1,"name":"Accueil","item":"https:\/\/finascope.fr\/"},{"@type":"ListItem","position":2,"name":"Faire un don"}]},{"@type":"WebSite","@id":"https:\/\/finascope.fr\/#website","url":"https:\/\/finascope.fr\/","name":"Finascope","description":"Market and investment news from Paris","publisher":{"@id":"https:\/\/finascope.fr\/#organization"},"potentialAction":[{"@type":"SearchAction","target":{"@type":"EntryPoint","urlTemplate":"https:\/\/finascope.fr\/?s={search_term_string}"},"query-input":{"@type":"PropertyValueSpecification","valueRequired":true,"valueName":"search_term_string"}}],"inLanguage":"en-GB"},{"@type":"Organization","@id":"https:\/\/finascope.fr\/#organization","name":"Finascope","url":"https:\/\/finascope.fr\/","logo":{"@type":"ImageObject","inLanguage":"en-GB","@id":"https:\/\/finascope.fr\/#\/schema\/logo\/image\/","url":"https:\/\/finascope.fr\/wp-content\/uploads\/2021\/05\/Logo-Finascope-500.jpeg","contentUrl":"https:\/\/finascope.fr\/wp-content\/uploads\/2021\/05\/Logo-Finascope-500.jpeg","width":500,"height":128,"caption":"Finascope"},"image":{"@id":"https:\/\/finascope.fr\/#\/schema\/logo\/image\/"}}]}},"_links":{"self":[{"href":"https:\/\/finascope.fr\/english\/wp-json\/wp\/v2\/pages\/12928","targetHints":{"allow":["GET"]}}],"collection":[{"href":"https:\/\/finascope.fr\/english\/wp-json\/wp\/v2\/pages"}],"about":[{"href":"https:\/\/finascope.fr\/english\/wp-json\/wp\/v2\/types\/page"}],"author":[{"embeddable":true,"href":"https:\/\/finascope.fr\/english\/wp-json\/wp\/v2\/users\/65"}],"replies":[{"embeddable":true,"href":"https:\/\/finascope.fr\/english\/wp-json\/wp\/v2\/comments?post=12928"}],"version-history":[{"count":2,"href":"https:\/\/finascope.fr\/english\/wp-json\/wp\/v2\/pages\/12928\/revisions"}],"predecessor-version":[{"id":12944,"href":"https:\/\/finascope.fr\/english\/wp-json\/wp\/v2\/pages\/12928\/revisions\/12944"}],"wp:attachment":[{"href":"https:\/\/finascope.fr\/english\/wp-json\/wp\/v2\/media?parent=12928"}],"curies":[{"name":"wp","href":"https:\/\/api.w.org\/{rel}","templated":true}]}}