{"id":16,"date":"2020-05-08T20:06:30","date_gmt":"2020-05-08T20:06:30","guid":{"rendered":"https:\/\/parisfin.com\/compte-dadherent\/paiement-dadhesion\/"},"modified":"2020-05-08T20:06:30","modified_gmt":"2020-05-08T20:06:30","slug":"paiement-dadhesion","status":"publish","type":"page","link":"https:\/\/finascope.fr\/english\/compte-dadherent\/paiement-dadhesion\/","title":{"rendered":"Membership payment"},"content":{"rendered":"[pmpro_checkout]\n","protected":false},"excerpt":{"rendered":"<p>[pmpro_checkout]<\/p>\n","protected":false},"author":1,"featured_media":0,"parent":13,"menu_order":0,"comment_status":"closed","ping_status":"closed","template":"","meta":{"pmpro_default_level":"","footnotes":""},"class_list":["post-16","page","type-page","status-publish","hentry","pmpro-has-access","entry"],"yoast_head":"<!-- This site is optimized with the Yoast SEO plugin v27.3 - https:\/\/yoast.com\/product\/yoast-seo-wordpress\/ -->\n<title>Paiement d&#039;adh\u00e9sion - Finascope<\/title>\n<meta name=\"description\" content=\"Suivez nos infos exclusives, nos d\u00e9cryptages, nos analyses sur les march\u00e9s financiers et les investissements \u00e0 Paris et en France\" \/>\n<meta name=\"robots\" content=\"index, follow, max-snippet:-1, max-image-preview:large, max-video-preview:-1\" \/>\n<link rel=\"canonical\" href=\"https:\/\/finascope.fr\/english\/en\/compte-dadherent\/paiement-dadhesion\/\" \/>\n<meta property=\"og:locale\" content=\"en_GB\" \/>\n<meta property=\"og:type\" content=\"article\" \/>\n<meta property=\"og:title\" content=\"Paiement d&#039;adh\u00e9sion - Finascope\" \/>\n<meta property=\"og:description\" content=\"Suivez nos infos exclusives, nos d\u00e9cryptages, nos analyses sur les march\u00e9s financiers et les investissements \u00e0 Paris et en France\" \/>\n<meta property=\"og:url\" content=\"https:\/\/finascope.fr\/english\/en\/compte-dadherent\/paiement-dadhesion\/\" \/>\n<meta property=\"og:site_name\" content=\"Finascope\" \/>\n<meta name=\"twitter:card\" content=\"summary_large_image\" \/>\n<script type=\"application\/ld+json\" class=\"yoast-schema-graph\">{\"@context\":\"https:\\\/\\\/schema.org\",\"@graph\":[{\"@type\":\"WebPage\",\"@id\":\"https:\\\/\\\/finascope.fr\\\/en\\\/compte-dadherent\\\/paiement-dadhesion\\\/\",\"url\":\"https:\\\/\\\/finascope.fr\\\/en\\\/compte-dadherent\\\/paiement-dadhesion\\\/\",\"name\":\"Paiement d'adh\u00e9sion - Finascope\",\"isPartOf\":{\"@id\":\"https:\\\/\\\/finascope.fr\\\/#website\"},\"datePublished\":\"2020-05-08T20:06:30+00:00\",\"description\":\"Suivez nos infos exclusives, nos d\u00e9cryptages, nos analyses sur les march\u00e9s financiers et les investissements \u00e0 Paris et en France\",\"breadcrumb\":{\"@id\":\"https:\\\/\\\/finascope.fr\\\/en\\\/compte-dadherent\\\/paiement-dadhesion\\\/#breadcrumb\"},\"inLanguage\":\"en-GB\",\"potentialAction\":[{\"@type\":\"ReadAction\",\"target\":[\"https:\\\/\\\/finascope.fr\\\/en\\\/compte-dadherent\\\/paiement-dadhesion\\\/\"]}]},{\"@type\":\"BreadcrumbList\",\"@id\":\"https:\\\/\\\/finascope.fr\\\/en\\\/compte-dadherent\\\/paiement-dadhesion\\\/#breadcrumb\",\"itemListElement\":[{\"@type\":\"ListItem\",\"position\":1,\"name\":\"Accueil\",\"item\":\"https:\\\/\\\/finascope.fr\\\/\"},{\"@type\":\"ListItem\",\"position\":2,\"name\":\"Compte d&rsquo;adh\u00e9rent\",\"item\":\"https:\\\/\\\/finascope.fr\\\/en\\\/compte-dadherent\\\/\"},{\"@type\":\"ListItem\",\"position\":3,\"name\":\"Paiement d&rsquo;adh\u00e9sion\"}]},{\"@type\":\"WebSite\",\"@id\":\"https:\\\/\\\/finascope.fr\\\/#website\",\"url\":\"https:\\\/\\\/finascope.fr\\\/\",\"name\":\"Finascope\",\"description\":\"L&#039;info des march\u00e9s et des investissements \u00e0 Paris\",\"publisher\":{\"@id\":\"https:\\\/\\\/finascope.fr\\\/#organization\"},\"potentialAction\":[{\"@type\":\"SearchAction\",\"target\":{\"@type\":\"EntryPoint\",\"urlTemplate\":\"https:\\\/\\\/finascope.fr\\\/?s={search_term_string}\"},\"query-input\":{\"@type\":\"PropertyValueSpecification\",\"valueRequired\":true,\"valueName\":\"search_term_string\"}}],\"inLanguage\":\"en-GB\"},{\"@type\":\"Organization\",\"@id\":\"https:\\\/\\\/finascope.fr\\\/#organization\",\"name\":\"Finascope\",\"url\":\"https:\\\/\\\/finascope.fr\\\/\",\"logo\":{\"@type\":\"ImageObject\",\"inLanguage\":\"en-GB\",\"@id\":\"https:\\\/\\\/finascope.fr\\\/#\\\/schema\\\/logo\\\/image\\\/\",\"url\":\"https:\\\/\\\/finascope.fr\\\/wp-content\\\/uploads\\\/2021\\\/05\\\/Logo-Finascope-500.jpeg\",\"contentUrl\":\"https:\\\/\\\/finascope.fr\\\/wp-content\\\/uploads\\\/2021\\\/05\\\/Logo-Finascope-500.jpeg\",\"width\":500,\"height\":128,\"caption\":\"Finascope\"},\"image\":{\"@id\":\"https:\\\/\\\/finascope.fr\\\/#\\\/schema\\\/logo\\\/image\\\/\"}}]}<\/script>\n<!-- \/ Yoast SEO plugin. -->","yoast_head_json":{"title":"Membership payment - Finascope","description":"Follow our exclusive news, our analysis on the financial markets and investments in Paris and in France","robots":{"index":"index","follow":"follow","max-snippet":"max-snippet:-1","max-image-preview":"max-image-preview:large","max-video-preview":"max-video-preview:-1"},"canonical":"https:\/\/finascope.fr\/english\/en\/compte-dadherent\/paiement-dadhesion\/","og_locale":"en_GB","og_type":"article","og_title":"Paiement d'adh\u00e9sion - Finascope","og_description":"Suivez nos infos exclusives, nos d\u00e9cryptages, nos analyses sur les march\u00e9s financiers et les investissements \u00e0 Paris et en France","og_url":"https:\/\/finascope.fr\/english\/en\/compte-dadherent\/paiement-dadhesion\/","og_site_name":"Finascope","twitter_card":"summary_large_image","schema":{"@context":"https:\/\/schema.org","@graph":[{"@type":"WebPage","@id":"https:\/\/finascope.fr\/en\/compte-dadherent\/paiement-dadhesion\/","url":"https:\/\/finascope.fr\/en\/compte-dadherent\/paiement-dadhesion\/","name":"Membership payment - Finascope","isPartOf":{"@id":"https:\/\/finascope.fr\/#website"},"datePublished":"2020-05-08T20:06:30+00:00","description":"Follow our exclusive news, our analysis on the financial markets and investments in Paris and in France","breadcrumb":{"@id":"https:\/\/finascope.fr\/en\/compte-dadherent\/paiement-dadhesion\/#breadcrumb"},"inLanguage":"en-GB","potentialAction":[{"@type":"ReadAction","target":["https:\/\/finascope.fr\/en\/compte-dadherent\/paiement-dadhesion\/"]}]},{"@type":"BreadcrumbList","@id":"https:\/\/finascope.fr\/en\/compte-dadherent\/paiement-dadhesion\/#breadcrumb","itemListElement":[{"@type":"ListItem","position":1,"name":"Accueil","item":"https:\/\/finascope.fr\/"},{"@type":"ListItem","position":2,"name":"Compte d&rsquo;adh\u00e9rent","item":"https:\/\/finascope.fr\/en\/compte-dadherent\/"},{"@type":"ListItem","position":3,"name":"Paiement d&rsquo;adh\u00e9sion"}]},{"@type":"WebSite","@id":"https:\/\/finascope.fr\/#website","url":"https:\/\/finascope.fr\/","name":"Finascope","description":"Market and investment news from Paris","publisher":{"@id":"https:\/\/finascope.fr\/#organization"},"potentialAction":[{"@type":"SearchAction","target":{"@type":"EntryPoint","urlTemplate":"https:\/\/finascope.fr\/?s={search_term_string}"},"query-input":{"@type":"PropertyValueSpecification","valueRequired":true,"valueName":"search_term_string"}}],"inLanguage":"en-GB"},{"@type":"Organization","@id":"https:\/\/finascope.fr\/#organization","name":"Finascope","url":"https:\/\/finascope.fr\/","logo":{"@type":"ImageObject","inLanguage":"en-GB","@id":"https:\/\/finascope.fr\/#\/schema\/logo\/image\/","url":"https:\/\/finascope.fr\/wp-content\/uploads\/2021\/05\/Logo-Finascope-500.jpeg","contentUrl":"https:\/\/finascope.fr\/wp-content\/uploads\/2021\/05\/Logo-Finascope-500.jpeg","width":500,"height":128,"caption":"Finascope"},"image":{"@id":"https:\/\/finascope.fr\/#\/schema\/logo\/image\/"}}]}},"_links":{"self":[{"href":"https:\/\/finascope.fr\/english\/wp-json\/wp\/v2\/pages\/16","targetHints":{"allow":["GET"]}}],"collection":[{"href":"https:\/\/finascope.fr\/english\/wp-json\/wp\/v2\/pages"}],"about":[{"href":"https:\/\/finascope.fr\/english\/wp-json\/wp\/v2\/types\/page"}],"author":[{"embeddable":true,"href":"https:\/\/finascope.fr\/english\/wp-json\/wp\/v2\/users\/1"}],"replies":[{"embeddable":true,"href":"https:\/\/finascope.fr\/english\/wp-json\/wp\/v2\/comments?post=16"}],"version-history":[{"count":0,"href":"https:\/\/finascope.fr\/english\/wp-json\/wp\/v2\/pages\/16\/revisions"}],"up":[{"embeddable":true,"href":"https:\/\/finascope.fr\/english\/wp-json\/wp\/v2\/pages\/13"}],"wp:attachment":[{"href":"https:\/\/finascope.fr\/english\/wp-json\/wp\/v2\/media?parent=16"}],"curies":[{"name":"wp","href":"https:\/\/api.w.org\/{rel}","templated":true}]}}