{"id":71,"date":"2020-06-24T14:50:17","date_gmt":"2020-06-24T14:50:17","guid":{"rendered":"https:\/\/parisfin.com\/?page_id=71"},"modified":"2024-08-24T10:22:22","modified_gmt":"2024-08-24T09:22:22","slug":"abonnement","status":"publish","type":"page","link":"https:\/\/finascope.fr\/english\/abonnement\/","title":{"rendered":"Subscription"},"content":{"rendered":"<p><\/p>\n\n\n\n<h1 class=\"wp-block-heading has-text-align-center\" id=\"les-formules-d-abonnement\">The subscription formulas<\/h1>\n\n\n\n<h2 class=\"wp-block-heading has-text-align-center\" id=\"les-formules-d-abonnement\">For companies<\/h2>\n\n\n\n<ul class=\"wp-block-list\">\n<li>Follow our exclusive news, our decipherings, our in-depth interviews and our analyses on the financial markets and investments in Paris and in France<\/li>\n\n\n\n<li>Take advantage of sliding scale rates for your teams<\/li>\n\n\n\n<li>Access all of our articles in French and English<\/li>\n\n\n\n<li>Subscribe to our weekly newsletter and activate real-time notifications<\/li>\n\n\n\n<li>Consult our archive of thousands of articles<\/li>\n<\/ul>\n\n\n\n<p><strong>Subscribe directly online and pay by credit card or bank transfer by placing an order at<\/strong> : <strong><a href=\"mailto:contact@finascope.fr\" target=\"_blank\" rel=\"noreferrer noopener\">contact@finascope.fr<\/a><\/strong><\/p>\n\n\n\n<div class=\"wp-block-columns is-layout-flex wp-container-core-columns-is-layout-9d6595d7 wp-block-columns-is-layout-flex\">\n<div class=\"wp-block-column is-layout-flow wp-block-column-is-layout-flow\" style=\"flex-basis:100%\">\n<div class=\"wp-block-columns alignwide is-layout-flex wp-container-core-columns-is-layout-9d6595d7 wp-block-columns-is-layout-flex\">\n<div class=\"wp-block-column is-layout-flow wp-block-column-is-layout-flow\" style=\"flex-basis:100%\"><style> \/* simple flat #1045 *\/#ptp-1045{border-color:#ddd;padding:0;margin-left:0;margin-right:0}#ptp-1045 div.ptp-item-container{border-radius:5px}#ptp-1045 div.ptp-item-container div{margin:0}#ptp-1045 .ptp-highlight div.ptp-item-container{border-color:#ddd}#ptp-1045 div.ptp-plan{border-top-right-radius:5px;border-top-left-radius:5px;font-size:.9em;border-color:#ddd;background-color:#ddd;color:#333;padding:.9375em 1.25em}#ptp-1045 div.ptp-plan .has-tip{border-bottom:dotted 1px #333;color:#333}#ptp-1045 .ptp-highlight div.ptp-plan{border-color:#ddd;background-color:#ddd;color:#333}#ptp-1045 .ptp-highlight div.ptp-plan .has-tip{border-bottom:dotted 1px #333;color:#333}#ptp-1045 div.ptp-price{font-size:.9em;background-color:#eee;color:#333;padding:.9375em 1.25em}#ptp-1045 div.ptp-price .has-tip{border-bottom:dotted 1px #333;color:#333}#ptp-1045 .ptp-highlight div.ptp-price{background-color:#eee;color:#333}#ptp-1045 .ptp-highlight div.ptp-price .has-tip{border-bottom:dotted 1px #333;color:#333}#ptp-1045 div.ptp-cta{border-bottom-right-radius:5px;border-bottom-left-radius:5px;background-color:#eee;padding-top:1.25em;padding-bottom:1.25em}#ptp-1045 .ptp-highlight div.ptp-cta{background-color:#eee}#ptp-1045 a.ptp-button{border-radius:5px;font-size:.9em;color:#fff;background-color:#2980b9;border-bottom:#2980b9 4px solid;margin:0}#ptp-1045 a.ptp-button .has-tip,#ptp-1045 a.ptp-button:hover .has-tip{border-bottom:dotted 1px #fff;color:#fff}#ptp-1045 a.ptp-button:hover{background-color:#78a0ba}#ptp-1045 div.ptp-bullet-item{color:#333;background-color:#fff;font-size:.875em;border-color:#ddd;padding:.9375em .5em .9375em .5em}#ptp-1045 .ptp-highlight .ptp-bullet-item{color:#333;border-color:#ddd;background-color:#fff}#ptp-1045 .ptp-highlight a.ptp-button{color:#fff;background-color:#e74c3c;border-bottom:#c0392b 4px solid}#ptp-1045 .ptp-highlight a.ptp-button:hover{background-color:#c0392b}#ptp-1045 .ptp-highlight a.ptp-button .has-tip{border-bottom:dotted 1px #fff;color:#fff}#ptp-1045 div.ptp-most-popular{border-radius:5px;font-size:.9em;background-color:#7f8c8d;color:#fff;border:1px solid #7f8c8d}\/* end of simple flat #1045 *\/<\/style>        <script type=\"text\/javascript\">\n         jQuery(document).ready(function($) {\n            jQuery.call_match_height_1045 = function call_match_height_design1(ptp_id) {\n                                $( ptp_id+' .ptp-plan' ).matchHeight(false); \n                                $( ptp_id+' .ptp-cta' ).matchHeight(false); \n                                $( ptp_id+' .ptp-price' ).matchHeight(false);\n                                $( ptp_id+' .ptp-button' ).matchHeight(false);\n\n                                $( ptp_id+' .ptp-bullet-item' ).each(function( index ){\n                                    $( ptp_id+' .ptp-row-id-'+index ).matchHeight(false);\n             \n                                });  \n                         }\n            var ptp_id = '#ptp-'+1045 ;\n            $.call_match_height_1045 ( ptp_id );              \n         });\n      <\/script>\n      \n        <div id=\"ptp-1045\" class=\"ptp-pricing-table\" ><div class=\"ptp-col ptp-five-col  ptp-col-id-0 dh-ptp-col-id-0\"><div class=\"ptp-not-most-popular\">&nbsp;<\/div><div class=\"ptp-item-container\"><div class=\"ptp-plan\">Free access<\/div><div class=\"ptp-price\">FREE<\/div><div class=\"ptp-bullet-item ptp-row-id-0\">No access to content\r<\/div><div class=\"ptp-bullet-item ptp-row-id-1\">Access to articles reserved for subscribers for \u20ac29 per article<\/div><div class=\"ptp-cta\"><a class=\"ptp-button ptp-checkout-button\" id=\"ptp-1045-cta-0\"  href=\"\/english\/compte-dadherent\/paiement-dadhesion\/?level=14\" >I register<\/a><\/div><\/div><\/div><div class=\"ptp-col ptp-five-col  ptp-col-id-1 dh-ptp-col-id-1\"><div class=\"ptp-not-most-popular\">&nbsp;<\/div><div class=\"ptp-item-container\"><div class=\"ptp-plan\">Initial<\/div><div class=\"ptp-price\">390 \u20ac\/year<\/div><div class=\"ptp-bullet-item ptp-row-id-0\">Individual subscription\r<\/div><div class=\"ptp-bullet-item ptp-row-id-1\">Full reading of all articles<\/div><div class=\"ptp-cta\"><a class=\"ptp-button ptp-checkout-button\" id=\"ptp-1045-cta-1\"  href=\"\/english\/compte-dadherent\/paiement-dadhesion\/?level=8\" >I subscribe<\/a><\/div><\/div><\/div><div class=\"ptp-col ptp-five-col  ptp-col-id-2 dh-ptp-col-id-2\"><div class=\"ptp-not-most-popular\">&nbsp;<\/div><div class=\"ptp-item-container\"><div class=\"ptp-plan\">Standard<\/div><div class=\"ptp-price\">990 \u20ac\/year<\/div><div class=\"ptp-bullet-item ptp-row-id-0\">3 accounts\r<\/div><div class=\"ptp-bullet-item ptp-row-id-1\">Full reading of all articles<\/div><div class=\"ptp-cta\"><a class=\"ptp-button ptp-checkout-button\" id=\"ptp-1045-cta-2\"  href=\"\/english\/compte-dadherent\/paiement-dadhesion\/?level=10\" >I subscribe<\/a><\/div><\/div><\/div><div class=\"ptp-col ptp-five-col  ptp-col-id-3 dh-ptp-col-id-3\"><div class=\"ptp-not-most-popular\">&nbsp;<\/div><div class=\"ptp-item-container\"><div class=\"ptp-plan\">Premium<\/div><div class=\"ptp-price\">1490 \u20ac\/year<\/div><div class=\"ptp-bullet-item ptp-row-id-0\">5 accounts\r<\/div><div class=\"ptp-bullet-item ptp-row-id-1\">Full reading of all articles<\/div><div class=\"ptp-cta\"><a class=\"ptp-button ptp-checkout-button\" id=\"ptp-1045-cta-3\"  href=\"\/english\/compte-dadherent\/paiement-dadhesion\/?level=11\" >I subscribe<\/a><\/div><\/div><\/div><div class=\"ptp-col ptp-five-col  ptp-col-id-4 dh-ptp-col-id-4\"><div class=\"ptp-not-most-popular\">&nbsp;<\/div><div class=\"ptp-item-container\"><div class=\"ptp-plan\">Decile<\/div><div class=\"ptp-price\">2490 \u20ac\/year<\/div><div class=\"ptp-bullet-item ptp-row-id-0\">10 accounts\r<\/div><div class=\"ptp-bullet-item ptp-row-id-1\">Full reading of all articles<\/div><div class=\"ptp-cta\"><a class=\"ptp-button ptp-checkout-button\" id=\"ptp-1045-cta-4\"  href=\"\/english\/compte-dadherent\/paiement-dadhesion\/?level=12\" >I subscribe<\/a><\/div><\/div><\/div><\/div>\n<\/div>\n<\/div>\n<\/div>\n<\/div>\n\n\n\n<h2 class=\"wp-block-heading has-text-align-center\" id=\"les-formules-d-abonnement\">For students and individuals<\/h2>\n\n\n\n<ul class=\"wp-block-list\">\n<li>Benefit from reduced VAT of 2.1%<\/li>\n<\/ul>\n\n\n<style> \/* simple flat #12865 *\/#ptp-12865{border-color:#ddd;padding:0;margin-left:0;margin-right:0}#ptp-12865 div.ptp-item-container{border-radius:5px}#ptp-12865 div.ptp-item-container div{margin:0}#ptp-12865 .ptp-highlight div.ptp-item-container{border-color:#ddd}#ptp-12865 div.ptp-plan{border-top-right-radius:5px;border-top-left-radius:5px;font-size:1em;border-color:#ddd;background-color:#ddd;color:#333;padding:.9375em 1.25em}#ptp-12865 div.ptp-plan .has-tip{border-bottom:dotted 1px #333;color:#333}#ptp-12865 .ptp-highlight div.ptp-plan{border-color:#ddd;background-color:#ddd;color:#333}#ptp-12865 .ptp-highlight div.ptp-plan .has-tip{border-bottom:dotted 1px #333;color:#333}#ptp-12865 div.ptp-price{font-size:1.15em;background-color:#eee;color:#333;padding:.9375em 1.25em}#ptp-12865 div.ptp-price .has-tip{border-bottom:dotted 1px #333;color:#333}#ptp-12865 .ptp-highlight div.ptp-price{background-color:#eee;color:#333}#ptp-12865 .ptp-highlight div.ptp-price .has-tip{border-bottom:dotted 1px #333;color:#333}#ptp-12865 div.ptp-cta{border-bottom-right-radius:5px;border-bottom-left-radius:5px;background-color:#eee;padding-top:1.25em;padding-bottom:1.25em}#ptp-12865 .ptp-highlight div.ptp-cta{background-color:#eee}#ptp-12865 a.ptp-button{border-radius:5px;font-size:.9em;color:#fff;background-color:#2980b9;border-bottom:#2980b9 4px solid;margin:0}#ptp-12865 a.ptp-button .has-tip,#ptp-12865 a.ptp-button:hover .has-tip{border-bottom:dotted 1px #fff;color:#fff}#ptp-12865 a.ptp-button:hover{background-color:#78a0ba}#ptp-12865 div.ptp-bullet-item{color:#333;background-color:#fff;font-size:.875em;border-color:#ddd;padding:.9375em .5em .9375em .5em}#ptp-12865 .ptp-highlight .ptp-bullet-item{color:#333;border-color:#ddd;background-color:#fff}#ptp-12865 .ptp-highlight a.ptp-button{color:#fff;background-color:#e74c3c;border-bottom:#c0392b 4px solid}#ptp-12865 .ptp-highlight a.ptp-button:hover{background-color:#c0392b}#ptp-12865 .ptp-highlight a.ptp-button .has-tip{border-bottom:dotted 1px #fff;color:#fff}#ptp-12865 div.ptp-most-popular{border-radius:5px;font-size:.9em;background-color:#7f8c8d;color:#fff;border:1px solid #7f8c8d}\/* end of simple flat #12865 *\/<\/style>        <script type=\"text\/javascript\">\n         jQuery(document).ready(function($) {\n            jQuery.call_match_height_12865 = function call_match_height_design1(ptp_id) {\n                                $( ptp_id+' .ptp-plan' ).matchHeight(false); \n                                $( ptp_id+' .ptp-cta' ).matchHeight(false); \n                                $( ptp_id+' .ptp-price' ).matchHeight(false);\n                                $( ptp_id+' .ptp-button' ).matchHeight(false);\n\n                                $( ptp_id+' .ptp-bullet-item' ).each(function( index ){\n                                    $( ptp_id+' .ptp-row-id-'+index ).matchHeight(false);\n             \n                                });  \n                         }\n            var ptp_id = '#ptp-'+12865 ;\n            $.call_match_height_12865 ( ptp_id );              \n         });\n      <\/script>\n      \n        <div id=\"ptp-12865\" class=\"ptp-pricing-table\" ><div class=\"ptp-col ptp-two-col  ptp-col-id-0 dh-ptp-col-id-0\"><div class=\"ptp-not-most-popular\">&nbsp;<\/div><div class=\"ptp-item-container\"><div class=\"ptp-plan\">Student<\/div><div class=\"ptp-price\">65 \u20ac\/year<\/div><div class=\"ptp-bullet-item ptp-row-id-0\">Individual subscription\r<\/div><div class=\"ptp-bullet-item ptp-row-id-1\">Full reading of all articles<\/div><div class=\"ptp-cta\"><a class=\"ptp-button ptp-checkout-button\" id=\"ptp-12865-cta-0\"  href=\"\/english\/compte-dadherent\/paiement-dadhesion\/?level=15\" >I subscribe<\/a><\/div><\/div><\/div><div class=\"ptp-col ptp-two-col  ptp-col-id-1 dh-ptp-col-id-1\"><div class=\"ptp-not-most-popular\">&nbsp;<\/div><div class=\"ptp-item-container\"><div class=\"ptp-plan\">Scope<\/div><div class=\"ptp-price\">199 \u20ac\/year<\/div><div class=\"ptp-bullet-item ptp-row-id-0\">Individual subscription\r<\/div><div class=\"ptp-bullet-item ptp-row-id-1\">Full reading of all articles<\/div><div class=\"ptp-cta\"><a class=\"ptp-button ptp-checkout-button\" id=\"ptp-12865-cta-1\"  href=\"\/english\/compte-dadherent\/paiement-dadhesion\/?level=18\" >I subscribe<\/a><\/div><\/div><\/div><\/div>\n\n\n\n<p><\/p>","protected":false},"excerpt":{"rendered":"<p>Les formules d&#8217;abonnement Pour les entreprises Abonnez-vous [&hellip;]<\/p>\n","protected":false},"author":1,"featured_media":0,"parent":0,"menu_order":0,"comment_status":"closed","ping_status":"closed","template":"","meta":{"pmpro_default_level":"","footnotes":""},"class_list":["post-71","page","type-page","status-publish","hentry","pmpro-has-access","entry"],"yoast_head":"<!-- This site is optimized with the Yoast SEO plugin v27.3 - https:\/\/yoast.com\/product\/yoast-seo-wordpress\/ -->\n<title>Abonnement - Finascope<\/title>\n<meta name=\"description\" content=\"Suivez nos infos exclusives, nos d\u00e9cryptages, nos analyses sur les march\u00e9s financiers et les investissements \u00e0 Paris et en France\" \/>\n<meta name=\"robots\" content=\"index, follow, max-snippet:-1, max-image-preview:large, max-video-preview:-1\" \/>\n<link rel=\"canonical\" href=\"https:\/\/finascope.fr\/english\/abonnement\/\" \/>\n<meta property=\"og:locale\" content=\"en_GB\" \/>\n<meta property=\"og:type\" content=\"article\" \/>\n<meta property=\"og:title\" content=\"Abonnement - Finascope\" \/>\n<meta property=\"og:description\" content=\"Suivez nos infos exclusives, nos d\u00e9cryptages, nos analyses sur les march\u00e9s financiers et les investissements \u00e0 Paris et en France\" \/>\n<meta property=\"og:url\" content=\"https:\/\/finascope.fr\/english\/abonnement\/\" \/>\n<meta property=\"og:site_name\" content=\"Finascope\" \/>\n<meta property=\"article:modified_time\" content=\"2024-08-24T09:22:22+00:00\" \/>\n<meta name=\"twitter:card\" content=\"summary_large_image\" \/>\n<meta name=\"twitter:label1\" content=\"Estimated reading time\" \/>\n\t<meta name=\"twitter:data1\" content=\"1 minute\" \/>\n<script type=\"application\/ld+json\" class=\"yoast-schema-graph\">{\"@context\":\"https:\\\/\\\/schema.org\",\"@graph\":[{\"@type\":\"WebPage\",\"@id\":\"https:\\\/\\\/finascope.fr\\\/abonnement\\\/\",\"url\":\"https:\\\/\\\/finascope.fr\\\/abonnement\\\/\",\"name\":\"Abonnement - Finascope\",\"isPartOf\":{\"@id\":\"https:\\\/\\\/finascope.fr\\\/#website\"},\"datePublished\":\"2020-06-24T14:50:17+00:00\",\"dateModified\":\"2024-08-24T09:22:22+00:00\",\"description\":\"Suivez nos infos exclusives, nos d\u00e9cryptages, nos analyses sur les march\u00e9s financiers et les investissements \u00e0 Paris et en France\",\"breadcrumb\":{\"@id\":\"https:\\\/\\\/finascope.fr\\\/abonnement\\\/#breadcrumb\"},\"inLanguage\":\"en-GB\",\"potentialAction\":[{\"@type\":\"ReadAction\",\"target\":[\"https:\\\/\\\/finascope.fr\\\/abonnement\\\/\"]}]},{\"@type\":\"BreadcrumbList\",\"@id\":\"https:\\\/\\\/finascope.fr\\\/abonnement\\\/#breadcrumb\",\"itemListElement\":[{\"@type\":\"ListItem\",\"position\":1,\"name\":\"Accueil\",\"item\":\"https:\\\/\\\/finascope.fr\\\/\"},{\"@type\":\"ListItem\",\"position\":2,\"name\":\"Abonnement\"}]},{\"@type\":\"WebSite\",\"@id\":\"https:\\\/\\\/finascope.fr\\\/#website\",\"url\":\"https:\\\/\\\/finascope.fr\\\/\",\"name\":\"Finascope\",\"description\":\"L&#039;info des march\u00e9s et des investissements \u00e0 Paris\",\"publisher\":{\"@id\":\"https:\\\/\\\/finascope.fr\\\/#organization\"},\"potentialAction\":[{\"@type\":\"SearchAction\",\"target\":{\"@type\":\"EntryPoint\",\"urlTemplate\":\"https:\\\/\\\/finascope.fr\\\/?s={search_term_string}\"},\"query-input\":{\"@type\":\"PropertyValueSpecification\",\"valueRequired\":true,\"valueName\":\"search_term_string\"}}],\"inLanguage\":\"en-GB\"},{\"@type\":\"Organization\",\"@id\":\"https:\\\/\\\/finascope.fr\\\/#organization\",\"name\":\"Finascope\",\"url\":\"https:\\\/\\\/finascope.fr\\\/\",\"logo\":{\"@type\":\"ImageObject\",\"inLanguage\":\"en-GB\",\"@id\":\"https:\\\/\\\/finascope.fr\\\/#\\\/schema\\\/logo\\\/image\\\/\",\"url\":\"https:\\\/\\\/finascope.fr\\\/wp-content\\\/uploads\\\/2021\\\/05\\\/Logo-Finascope-500.jpeg\",\"contentUrl\":\"https:\\\/\\\/finascope.fr\\\/wp-content\\\/uploads\\\/2021\\\/05\\\/Logo-Finascope-500.jpeg\",\"width\":500,\"height\":128,\"caption\":\"Finascope\"},\"image\":{\"@id\":\"https:\\\/\\\/finascope.fr\\\/#\\\/schema\\\/logo\\\/image\\\/\"}}]}<\/script>\n<!-- \/ Yoast SEO plugin. -->","yoast_head_json":{"title":"Subscription - Finascope","description":"Follow our exclusive news, our analysis on the financial markets and investments in Paris and in France","robots":{"index":"index","follow":"follow","max-snippet":"max-snippet:-1","max-image-preview":"max-image-preview:large","max-video-preview":"max-video-preview:-1"},"canonical":"https:\/\/finascope.fr\/english\/abonnement\/","og_locale":"en_GB","og_type":"article","og_title":"Abonnement - Finascope","og_description":"Suivez nos infos exclusives, nos d\u00e9cryptages, nos analyses sur les march\u00e9s financiers et les investissements \u00e0 Paris et en France","og_url":"https:\/\/finascope.fr\/english\/abonnement\/","og_site_name":"Finascope","article_modified_time":"2024-08-24T09:22:22+00:00","twitter_card":"summary_large_image","twitter_misc":{"Estimated reading time":"1 minute"},"schema":{"@context":"https:\/\/schema.org","@graph":[{"@type":"WebPage","@id":"https:\/\/finascope.fr\/abonnement\/","url":"https:\/\/finascope.fr\/abonnement\/","name":"Subscription - Finascope","isPartOf":{"@id":"https:\/\/finascope.fr\/#website"},"datePublished":"2020-06-24T14:50:17+00:00","dateModified":"2024-08-24T09:22:22+00:00","description":"Follow our exclusive news, our analysis on the financial markets and investments in Paris and in France","breadcrumb":{"@id":"https:\/\/finascope.fr\/abonnement\/#breadcrumb"},"inLanguage":"en-GB","potentialAction":[{"@type":"ReadAction","target":["https:\/\/finascope.fr\/abonnement\/"]}]},{"@type":"BreadcrumbList","@id":"https:\/\/finascope.fr\/abonnement\/#breadcrumb","itemListElement":[{"@type":"ListItem","position":1,"name":"Accueil","item":"https:\/\/finascope.fr\/"},{"@type":"ListItem","position":2,"name":"Abonnement"}]},{"@type":"WebSite","@id":"https:\/\/finascope.fr\/#website","url":"https:\/\/finascope.fr\/","name":"Finascope","description":"Market and investment news from Paris","publisher":{"@id":"https:\/\/finascope.fr\/#organization"},"potentialAction":[{"@type":"SearchAction","target":{"@type":"EntryPoint","urlTemplate":"https:\/\/finascope.fr\/?s={search_term_string}"},"query-input":{"@type":"PropertyValueSpecification","valueRequired":true,"valueName":"search_term_string"}}],"inLanguage":"en-GB"},{"@type":"Organization","@id":"https:\/\/finascope.fr\/#organization","name":"Finascope","url":"https:\/\/finascope.fr\/","logo":{"@type":"ImageObject","inLanguage":"en-GB","@id":"https:\/\/finascope.fr\/#\/schema\/logo\/image\/","url":"https:\/\/finascope.fr\/wp-content\/uploads\/2021\/05\/Logo-Finascope-500.jpeg","contentUrl":"https:\/\/finascope.fr\/wp-content\/uploads\/2021\/05\/Logo-Finascope-500.jpeg","width":500,"height":128,"caption":"Finascope"},"image":{"@id":"https:\/\/finascope.fr\/#\/schema\/logo\/image\/"}}]}},"_links":{"self":[{"href":"https:\/\/finascope.fr\/english\/wp-json\/wp\/v2\/pages\/71","targetHints":{"allow":["GET"]}}],"collection":[{"href":"https:\/\/finascope.fr\/english\/wp-json\/wp\/v2\/pages"}],"about":[{"href":"https:\/\/finascope.fr\/english\/wp-json\/wp\/v2\/types\/page"}],"author":[{"embeddable":true,"href":"https:\/\/finascope.fr\/english\/wp-json\/wp\/v2\/users\/1"}],"replies":[{"embeddable":true,"href":"https:\/\/finascope.fr\/english\/wp-json\/wp\/v2\/comments?post=71"}],"version-history":[{"count":2,"href":"https:\/\/finascope.fr\/english\/wp-json\/wp\/v2\/pages\/71\/revisions"}],"predecessor-version":[{"id":18540,"href":"https:\/\/finascope.fr\/english\/wp-json\/wp\/v2\/pages\/71\/revisions\/18540"}],"wp:attachment":[{"href":"https:\/\/finascope.fr\/english\/wp-json\/wp\/v2\/media?parent=71"}],"curies":[{"name":"wp","href":"https:\/\/api.w.org\/{rel}","templated":true}]}}